{"id":40,"date":"2022-12-20T16:35:50","date_gmt":"2022-12-20T16:35:50","guid":{"rendered":"https:\/\/gadesoftware.com\/?page_id=40"},"modified":"2023-01-17T09:13:48","modified_gmt":"2023-01-17T09:13:48","slug":"inicio","status":"publish","type":"page","link":"http:\/\/gadesoftware.com\/","title":{"rendered":""},"content":{"rendered":"\n<figure class=\"wp-block-image size-large is-resized\"><img loading=\"lazy\" decoding=\"async\" src=\"https:\/\/gadesoftware.com\/wp-content\/uploads\/2022\/12\/CONTRATAR-1-1024x576.png\" alt=\"\" class=\"wp-image-138\" width=\"1099\" height=\"618\" srcset=\"https:\/\/gadesoftware.com\/wp-content\/uploads\/2022\/12\/CONTRATAR-1-980x551.png 980w, https:\/\/gadesoftware.com\/wp-content\/uploads\/2022\/12\/CONTRATAR-1-480x270.png 480w\" sizes=\"auto, (min-width: 0px) and (max-width: 480px) 480px, (min-width: 481px) and (max-width: 980px) 980px, (min-width: 981px) 1099px, 100vw\" \/><\/figure>\n\n\n\n<div class=\"wp-block-buttons is-layout-flex wp-block-buttons-is-layout-flex\">\n<div class=\"wp-block-button has-custom-width wp-block-button__width-100 has-custom-font-size has-x-large-font-size\"><a class=\"wp-block-button__link has-vivid-cyan-blue-background-color has-background wp-element-button\" href=\"https:\/\/gadesoftware.com\/?page_id=77\" target=\"_blank\" rel=\"noreferrer noopener\">PRUEBA GRATIS<\/a><\/div>\n<\/div>\n\n\n\n<p class=\"has-black-color has-text-color has-medium-font-size\">En esta secci\u00f3n podr\u00e1s encontrar nuestros diferentes programas y elegir el que se adecue a las necesidades de tu negocio.<\/p>\n\n\n\n<div class=\"wp-block-columns is-layout-flex wp-container-core-columns-is-layout-9d6595d7 wp-block-columns-is-layout-flex\">\n<div class=\"wp-block-column is-layout-flow wp-block-column-is-layout-flow\">\n<div class=\"wp-block-columns is-layout-flex wp-container-core-columns-is-layout-9d6595d7 wp-block-columns-is-layout-flex\">\n<div class=\"wp-block-column is-layout-flow wp-block-column-is-layout-flow\">\n<figure class=\"wp-block-image size-large is-resized\"><a href=\"https:\/\/gadesoftware.com\/?page_id=32\"><img loading=\"lazy\" decoding=\"async\" src=\"https:\/\/gadesoftware.com\/wp-content\/uploads\/2022\/12\/tpv-384x1024.jpg\" alt=\"\" class=\"wp-image-143\" width=\"222\" height=\"592\"\/><\/a><\/figure>\n<\/div>\n\n\n\n<div class=\"wp-block-column is-layout-flow wp-block-column-is-layout-flow\">\n<figure class=\"wp-block-image size-large is-resized\"><a href=\"https:\/\/gadesoftware.com\/?page_id=31\"><img loading=\"lazy\" decoding=\"async\" src=\"https:\/\/gadesoftware.com\/wp-content\/uploads\/2022\/12\/gadetin-410x1024.jpg\" alt=\"\" class=\"wp-image-144\" width=\"238\" height=\"593\"\/><\/a><\/figure>\n<\/div>\n<\/div>\n<\/div>\n\n\n\n<div class=\"wp-block-column is-layout-flow wp-block-column-is-layout-flow\">\n<div class=\"wp-block-columns is-layout-flex wp-container-core-columns-is-layout-9d6595d7 wp-block-columns-is-layout-flex\">\n<div class=\"wp-block-column is-layout-flow wp-block-column-is-layout-flow\">\n<figure class=\"wp-block-image size-large is-resized\"><a href=\"https:\/\/gadesoftware.com\/?page_id=2\"><img loading=\"lazy\" decoding=\"async\" src=\"https:\/\/gadesoftware.com\/wp-content\/uploads\/2022\/12\/gadefac-401x1024.jpg\" alt=\"\" class=\"wp-image-145\" width=\"232\" height=\"592\"\/><\/a><\/figure>\n<\/div>\n\n\n\n<div class=\"wp-block-column is-layout-flow wp-block-column-is-layout-flow\">\n<figure class=\"wp-block-image size-large is-resized\"><a href=\"https:\/\/gadesoftware.com\/?page_id=30\"><img loading=\"lazy\" decoding=\"async\" src=\"https:\/\/gadesoftware.com\/wp-content\/uploads\/2022\/12\/gadeconfff-416x1024.jpg\" alt=\"\" class=\"wp-image-146\" width=\"241\" height=\"592\"\/><\/a><\/figure>\n<\/div>\n<\/div>\n<\/div>\n<\/div>\n","protected":false},"excerpt":{"rendered":"<p>HGJHJHJHJJHHJ<\/p>\n","protected":false},"author":1,"featured_media":0,"parent":0,"menu_order":0,"comment_status":"closed","ping_status":"closed","template":"","meta":{"_et_pb_use_builder":"on","_et_pb_old_content":"<!-- wp:image {\"id\":43,\"sizeSlug\":\"large\",\"linkDestination\":\"none\"} -->\n<figure class=\"wp-block-image size-large\"><img src=\"https:\/\/gadesoftware.com\/wp-content\/uploads\/2022\/12\/CONTRATAR--1024x576.png\" alt=\"\" class=\"wp-image-43\"\/><\/figure>\n<!-- \/wp:image -->\n\n<!-- wp:buttons -->\n<div class=\"wp-block-buttons\"><!-- wp:button {\"width\":100,\"style\":{\"color\":{\"gradient\":\"linear-gradient(315deg,rgb(2,3,129) 0%,rgb(40,116,252) 100%)\"},\"border\":{\"radius\":\"100px\"},\"typography\":{\"textTransform\":\"uppercase\"}},\"className\":\"is-style-fill\",\"fontSize\":\"large\"} -->\n<div class=\"wp-block-button has-custom-width wp-block-button__width-100 has-custom-font-size is-style-fill has-large-font-size\" style=\"text-transform:uppercase\"><a class=\"wp-block-button__link has-background wp-element-button\" style=\"border-radius:100px;background:linear-gradient(315deg,rgb(2,3,129) 0%,rgb(40,116,252) 100%)\">PRUEBA GRATIS<\/a><\/div>\n<!-- \/wp:button --><\/div>\n<!-- \/wp:buttons -->\n\n<!-- wp:paragraph {\"style\":{\"typography\":{\"fontStyle\":\"normal\",\"fontWeight\":\"700\",\"letterSpacing\":\"2px\"}},\"textColor\":\"vivid-cyan-blue\",\"fontSize\":\"medium\"} -->\n<p class=\"has-vivid-cyan-blue-color has-text-color has-medium-font-size\" style=\"font-style:normal;font-weight:700;letter-spacing:2px\"><mark style=\"background-color:rgba(0, 0, 0, 0)\" class=\"has-inline-color has-vivid-cyan-blue-color\">En esta secci\u00f3n podr\u00e1s encontrar nuestros diferentes programas y elegir el que m\u00e1s se adecue a las necesidades de tu negocio.<\/mark><\/p>\n<!-- \/wp:paragraph -->\n\n<!-- wp:columns -->\n<div class=\"wp-block-columns\"><!-- wp:column -->\n<div class=\"wp-block-column\"><!-- wp:columns -->\n<div class=\"wp-block-columns\"><!-- wp:column -->\n<div class=\"wp-block-column\"><!-- wp:image -->\n<figure class=\"wp-block-image\"><img alt=\"\"\/><\/figure>\n<!-- \/wp:image --><\/div>\n<!-- \/wp:column -->\n\n<!-- wp:column -->\n<div class=\"wp-block-column\"><\/div>\n<!-- \/wp:column --><\/div>\n<!-- \/wp:columns --><\/div>\n<!-- \/wp:column -->\n\n<!-- wp:column -->\n<div class=\"wp-block-column\"><!-- wp:columns -->\n<div class=\"wp-block-columns\"><!-- wp:column -->\n<div class=\"wp-block-column\"><\/div>\n<!-- \/wp:column -->\n\n<!-- wp:column -->\n<div class=\"wp-block-column\"><\/div>\n<!-- \/wp:column --><\/div>\n<!-- \/wp:columns --><\/div>\n<!-- \/wp:column --><\/div>\n<!-- \/wp:columns -->","_et_gb_content_width":"","footnotes":""},"class_list":["post-40","page","type-page","status-publish","hentry"],"_links":{"self":[{"href":"http:\/\/gadesoftware.com\/index.php?rest_route=\/wp\/v2\/pages\/40","targetHints":{"allow":["GET"]}}],"collection":[{"href":"http:\/\/gadesoftware.com\/index.php?rest_route=\/wp\/v2\/pages"}],"about":[{"href":"http:\/\/gadesoftware.com\/index.php?rest_route=\/wp\/v2\/types\/page"}],"author":[{"embeddable":true,"href":"http:\/\/gadesoftware.com\/index.php?rest_route=\/wp\/v2\/users\/1"}],"replies":[{"embeddable":true,"href":"http:\/\/gadesoftware.com\/index.php?rest_route=%2Fwp%2Fv2%2Fcomments&post=40"}],"version-history":[{"count":23,"href":"http:\/\/gadesoftware.com\/index.php?rest_route=\/wp\/v2\/pages\/40\/revisions"}],"predecessor-version":[{"id":203,"href":"http:\/\/gadesoftware.com\/index.php?rest_route=\/wp\/v2\/pages\/40\/revisions\/203"}],"wp:attachment":[{"href":"http:\/\/gadesoftware.com\/index.php?rest_route=%2Fwp%2Fv2%2Fmedia&parent=40"}],"curies":[{"name":"wp","href":"https:\/\/api.w.org\/{rel}","templated":true}]}}