{"id":32,"date":"2022-12-20T16:34:55","date_gmt":"2022-12-20T16:34:55","guid":{"rendered":"https:\/\/gadesoftware.com\/?page_id=32"},"modified":"2022-12-22T11:13:26","modified_gmt":"2022-12-22T11:13:26","slug":"gade-tpv","status":"publish","type":"page","link":"http:\/\/gadesoftware.com\/?page_id=32","title":{"rendered":"GADE TPV"},"content":{"rendered":"\n<figure class=\"wp-block-image size-large\"><img loading=\"lazy\" decoding=\"async\" width=\"1024\" height=\"236\" src=\"https:\/\/gadesoftware.com\/wp-content\/uploads\/2022\/12\/TITULO-1024x236.png\" alt=\"\" class=\"wp-image-52\" srcset=\"https:\/\/gadesoftware.com\/wp-content\/uploads\/2022\/12\/TITULO-980x226.png 980w, https:\/\/gadesoftware.com\/wp-content\/uploads\/2022\/12\/TITULO-480x111.png 480w\" sizes=\"auto, (min-width: 0px) and (max-width: 480px) 480px, (min-width: 481px) and (max-width: 980px) 980px, (min-width: 981px) 1024px, 100vw\" \/><\/figure>\n\n\n\n<figure class=\"wp-block-image size-full\"><img loading=\"lazy\" decoding=\"async\" width=\"1020\" height=\"432\" src=\"https:\/\/gadesoftware.com\/wp-content\/uploads\/2022\/12\/gadetpv.png\" alt=\"\" class=\"wp-image-53\" srcset=\"https:\/\/gadesoftware.com\/wp-content\/uploads\/2022\/12\/gadetpv.png 1020w, https:\/\/gadesoftware.com\/wp-content\/uploads\/2022\/12\/gadetpv-980x415.png 980w, https:\/\/gadesoftware.com\/wp-content\/uploads\/2022\/12\/gadetpv-480x203.png 480w\" sizes=\"auto, (min-width: 0px) and (max-width: 480px) 480px, (min-width: 481px) and (max-width: 980px) 980px, (min-width: 981px) 1020px, 100vw\" \/><\/figure>\n\n\n\n<h1 class=\"has-black-color has-text-color wp-block-heading\">Software TPV (Terminal Punto de Venta).<\/h1>\n\n\n\n<p>Es un dispositivo que, en un comercio o empresa, deja administrar labores relacionadas con la venta, como el cobro por tarjeta de cr\u00e9dito, la creaci\u00f3n y tambi\u00e9n impresi\u00f3n del ticket de venta, administrar el inventario o bien producir informes que asisten en la administraci\u00f3n del negocio entre otras muchas.<\/p>\n\n\n\n<div class=\"wp-block-columns is-layout-flex wp-container-core-columns-is-layout-9d6595d7 wp-block-columns-is-layout-flex\">\n<div class=\"wp-block-column is-layout-flow wp-block-column-is-layout-flow\">\n<figure class=\"wp-block-image size-full is-resized\"><img loading=\"lazy\" decoding=\"async\" src=\"https:\/\/gadesoftware.com\/wp-content\/uploads\/2022\/12\/Diseno-sin-titulo-2.png\" alt=\"\" class=\"wp-image-102\" width=\"418\" height=\"314\"\/><\/figure>\n<\/div>\n\n\n\n<div class=\"wp-block-column is-layout-flow wp-block-column-is-layout-flow\">\n<p>Nuestro TPV va conectado directamente con el <a href=\"https:\/\/gadesoftware.com\/?page_id=2\" data-type=\"URL\" data-id=\"https:\/\/gadesoftware.com\/?page_id=2\">GADEFAC<\/a> (software de facturaci\u00f3n), por lo que puede tener muy controlado el programa y saber que est\u00e1 pasando en todo momento.<\/p>\n\n\n\n<p>Desde la misma aplicaci\u00f3n tiene la posibilidad  de introducir cada art\u00edculo y con ello una subfamilia para posteriormente tenerlo todo organizado en el TPV.<\/p>\n\n\n\n<p>Es un software sencillo, muy adaptable y f\u00e1cil de usar, perfecto para aquellas personas sin grandes conocimientos de inform\u00e1tica. <\/p>\n\n\n\n<div class=\"wp-block-buttons is-layout-flex wp-block-buttons-is-layout-flex\">\n<div class=\"wp-block-button has-custom-width wp-block-button__width-100 has-custom-font-size is-style-fill has-large-font-size\"><a class=\"wp-block-button__link has-vivid-cyan-blue-background-color has-background wp-element-button\">PRUEBA GRATIS<\/a><\/div>\n<\/div>\n<\/div>\n<\/div>\n\n\n\n<h1 class=\"has-black-color has-text-color wp-block-heading\">FORMULARIO DE CONTACTO<\/h1>\n\n\n<div class=\"frm_forms  with_frm_style frm_style_estilos-formidable\" id=\"frm_form_1_container\" >\n<form enctype=\"multipart\/form-data\" method=\"post\" class=\"frm-show-form \" id=\"form_contact-form\"  >\n<div class=\"frm_form_fields \">\n<fieldset>\n<legend class=\"frm_screen_reader\">Contact Us<\/legend>\n\n<div class=\"frm_fields_container\">\n<input type=\"hidden\" name=\"frm_action\" value=\"create\" \/>\n<input type=\"hidden\" name=\"form_id\" value=\"1\" \/>\n<input type=\"hidden\" name=\"frm_hide_fields_1\" id=\"frm_hide_fields_1\" value=\"\" \/>\n<input type=\"hidden\" name=\"form_key\" value=\"contact-form\" \/>\n<input type=\"hidden\" name=\"item_meta[0]\" value=\"\" \/>\n<input type=\"hidden\" id=\"frm_submit_entry_1\" name=\"frm_submit_entry_1\" value=\"fb62bb47f1\" \/><input type=\"hidden\" name=\"_wp_http_referer\" value=\"\/index.php?rest_route=%2Fwp%2Fv2%2Fpages%2F32\" \/><div id=\"frm_field_8_container\" class=\"frm_form_field form-field  frm_required_field frm_top_container\">\n    <label for=\"field_49r2s\" id=\"field_49r2s_label\" class=\"frm_primary_label\">Programas\n        <span class=\"frm_required\" aria-hidden=\"true\">*<\/span>\n    <\/label>\n    \t\t<select name=\"item_meta[8]\" id=\"field_49r2s\"  data-reqmsg=\"Este campo no puede estar en blanco.\" aria-required=\"true\" data-invmsg=\"Programas no es v\u00e1lido\" aria-invalid=\"false\"  >\n\t\t\t\t<option  value=\"GADEFAC\">\n\t\t\tGADEFAC\t\t<\/option>\n\t\t\t\t<option  value=\"GADECON\">\n\t\t\tGADECON\t\t<\/option>\n\t\t\t\t<option  value=\"GADETIN\">\n\t\t\tGADETIN\t\t<\/option>\n\t\t\t\t<option  value=\"GADE TPV\">\n\t\t\tGADE TPV\t\t<\/option>\n\t\t\t<\/select>\n\t\n    \n    \n<\/div>\n<div id=\"frm_field_1_container\" class=\"frm_form_field form-field  frm_required_field frm_top_container frm6 frm_first\">\n    <label for=\"field_qh4icy\" id=\"field_qh4icy_label\" class=\"frm_primary_label\">Nombre\n        <span class=\"frm_required\" aria-hidden=\"true\">*<\/span>\n    <\/label>\n    <input type=\"text\" id=\"field_qh4icy\" name=\"item_meta[1]\" value=\"\"  data-reqmsg=\"Este campo no puede estar en blanco.\" aria-required=\"true\" data-invmsg=\"Name no es v\u00e1lido\" aria-invalid=\"false\"   aria-describedby=\"frm_desc_field_qh4icy\"\/>\n    <div class=\"frm_description\" id=\"frm_desc_field_qh4icy\">First<\/div>\n    \n<\/div>\n<div id=\"frm_field_2_container\" class=\"frm_form_field form-field  frm_required_field frm_hidden_container frm6\">\n    <label for=\"field_ocfup1\" id=\"field_ocfup1_label\" class=\"frm_primary_label\">Apellidos\n        <span class=\"frm_required\" aria-hidden=\"true\">*<\/span>\n    <\/label>\n    <input type=\"text\" id=\"field_ocfup1\" name=\"item_meta[2]\" value=\"\"  data-reqmsg=\"Este campo no puede estar en blanco.\" aria-required=\"true\" data-invmsg=\"Last no es v\u00e1lido\" aria-invalid=\"false\"   aria-describedby=\"frm_desc_field_ocfup1\"\/>\n    <div class=\"frm_description\" id=\"frm_desc_field_ocfup1\">Last<\/div>\n    \n<\/div>\n<div id=\"frm_field_4_container\" class=\"frm_form_field form-field  frm_required_field frm_top_container frm12 frm_first\">\n    <label for=\"field_e6lis6\" id=\"field_e6lis6_label\" class=\"frm_primary_label\">Empresa\n        <span class=\"frm_required\" aria-hidden=\"true\">*<\/span>\n    <\/label>\n    <input type=\"text\" id=\"field_e6lis6\" name=\"item_meta[4]\" value=\"\"  data-reqmsg=\"Este campo no puede estar en blanco.\" aria-required=\"true\" data-invmsg=\"Subject no es v\u00e1lido\" aria-invalid=\"false\"  \/>\n    \n    \n<\/div>\n<div id=\"frm_field_3_container\" class=\"frm_form_field form-field  frm_required_field frm_top_container frm_full\">\n    <label for=\"field_29yf4d\" id=\"field_29yf4d_label\" class=\"frm_primary_label\">Email\n        <span class=\"frm_required\" aria-hidden=\"true\">*<\/span>\n    <\/label>\n    <input type=\"email\" id=\"field_29yf4d\" name=\"item_meta[3]\" value=\"\"  data-reqmsg=\"Este campo no puede estar en blanco.\" aria-required=\"true\" data-invmsg=\"Please enter a valid email address\" aria-invalid=\"false\"  \/>\n    \n    \n<\/div>\n<div id=\"frm_field_6_container\" class=\"frm_form_field form-field  frm_required_field frm_top_container\">\n    <label for=\"field_q2fyz\" id=\"field_q2fyz_label\" class=\"frm_primary_label\">Tel\u00e9fono\n        <span class=\"frm_required\" aria-hidden=\"true\">*<\/span>\n    <\/label>\n    <input type=\"tel\" id=\"field_q2fyz\" name=\"item_meta[6]\" value=\"\"  data-reqmsg=\"Este campo no puede estar en blanco.\" aria-required=\"true\" data-invmsg=\"Tel\u00e9fono no es v\u00e1lido\" aria-invalid=\"false\" pattern=\"((\\+\\d{1,3}(-|.| )?\\(?\\d\\)?(-| |.)?\\d{1,5})|(\\(?\\d{2,6}\\)?))(-|.| )?(\\d{3,4})(-|.| )?(\\d{4})(( x| ext)\\d{1,5}){0,1}$\"  \/>\n    \n    \n<\/div>\n<div id=\"frm_field_7_container\" class=\"frm_form_field form-field  frm_top_container\">\n    <label for=\"field_ozw9l\" id=\"field_ozw9l_label\" class=\"frm_primary_label\">Contrase\u00f1a\n        <span class=\"frm_required\" aria-hidden=\"true\"><\/span>\n    <\/label>\n    <input type=\"text\" id=\"field_ozw9l\" name=\"item_meta[7]\" value=\"\"  data-invmsg=\"Texto no es v\u00e1lido\" aria-invalid=\"false\"  \/>\n    \n    \n<\/div>\n\t<input type=\"hidden\" name=\"item_key\" value=\"\" \/>\n\t\t\t\t<div class=\"frm_verify\" aria-hidden=\"true\">\n\t\t\t\t<label for=\"frm_email_1\">\n\t\t\t\t\tSi eres humano, deja este campo en blanco.\t\t\t\t<\/label>\n\t\t\t\t<input type=\"text\" class=\"frm_verify\" id=\"frm_email_1\" name=\"frm_verify\" value=\"\"  \/>\n\t\t\t<\/div>\n\t\t<div class=\"frm_submit\">\n\n<button class=\"frm_button_submit\" type=\"submit\"  >Enviar<\/button>\n\n\n<\/div><\/div>\n<\/fieldset>\n<\/div>\n<\/form>\n<\/div>\n","protected":false},"excerpt":{"rendered":"<p>Software TPV (Terminal Punto de Venta). Es un dispositivo que, en un comercio o empresa, deja administrar labores relacionadas con la venta, como el cobro por tarjeta de cr\u00e9dito, la creaci\u00f3n y tambi\u00e9n impresi\u00f3n del ticket de venta, administrar el inventario o bien producir informes que asisten en la administraci\u00f3n del negocio entre otras muchas. [&hellip;]<\/p>\n","protected":false},"author":1,"featured_media":0,"parent":0,"menu_order":0,"comment_status":"closed","ping_status":"closed","template":"","meta":{"_et_pb_use_builder":"","_et_pb_old_content":"","_et_gb_content_width":"","footnotes":""},"class_list":["post-32","page","type-page","status-publish","hentry"],"_links":{"self":[{"href":"http:\/\/gadesoftware.com\/index.php?rest_route=\/wp\/v2\/pages\/32","targetHints":{"allow":["GET"]}}],"collection":[{"href":"http:\/\/gadesoftware.com\/index.php?rest_route=\/wp\/v2\/pages"}],"about":[{"href":"http:\/\/gadesoftware.com\/index.php?rest_route=\/wp\/v2\/types\/page"}],"author":[{"embeddable":true,"href":"http:\/\/gadesoftware.com\/index.php?rest_route=\/wp\/v2\/users\/1"}],"replies":[{"embeddable":true,"href":"http:\/\/gadesoftware.com\/index.php?rest_route=%2Fwp%2Fv2%2Fcomments&post=32"}],"version-history":[{"count":12,"href":"http:\/\/gadesoftware.com\/index.php?rest_route=\/wp\/v2\/pages\/32\/revisions"}],"predecessor-version":[{"id":111,"href":"http:\/\/gadesoftware.com\/index.php?rest_route=\/wp\/v2\/pages\/32\/revisions\/111"}],"wp:attachment":[{"href":"http:\/\/gadesoftware.com\/index.php?rest_route=%2Fwp%2Fv2%2Fmedia&parent=32"}],"curies":[{"name":"wp","href":"https:\/\/api.w.org\/{rel}","templated":true}]}}