{"id":31,"date":"2022-12-20T16:34:55","date_gmt":"2022-12-20T16:34:55","guid":{"rendered":"https:\/\/gadesoftware.com\/?page_id=31"},"modified":"2022-12-29T16:27:35","modified_gmt":"2022-12-29T16:27:35","slug":"gadetin","status":"publish","type":"page","link":"http:\/\/gadesoftware.com\/?page_id=31","title":{"rendered":"GADETIN"},"content":{"rendered":"\n<figure class=\"wp-block-image size-large\"><img loading=\"lazy\" decoding=\"async\" width=\"1024\" height=\"234\" src=\"https:\/\/gadesoftware.com\/wp-content\/uploads\/2022\/12\/TITULO-2-1024x234.png\" alt=\"\" class=\"wp-image-58\" srcset=\"https:\/\/gadesoftware.com\/wp-content\/uploads\/2022\/12\/TITULO-2-980x224.png 980w, https:\/\/gadesoftware.com\/wp-content\/uploads\/2022\/12\/TITULO-2-480x110.png 480w\" sizes=\"auto, (min-width: 0px) and (max-width: 480px) 480px, (min-width: 481px) and (max-width: 980px) 980px, (min-width: 981px) 1024px, 100vw\" \/><\/figure>\n\n\n\n<figure class=\"wp-block-image size-full\"><img loading=\"lazy\" decoding=\"async\" width=\"1024\" height=\"409\" src=\"https:\/\/gadesoftware.com\/wp-content\/uploads\/2022\/12\/gadetin.png\" alt=\"\" class=\"wp-image-59\" srcset=\"https:\/\/gadesoftware.com\/wp-content\/uploads\/2022\/12\/gadetin.png 1024w, https:\/\/gadesoftware.com\/wp-content\/uploads\/2022\/12\/gadetin-980x391.png 980w, https:\/\/gadesoftware.com\/wp-content\/uploads\/2022\/12\/gadetin-480x192.png 480w\" sizes=\"auto, (min-width: 0px) and (max-width: 480px) 480px, (min-width: 481px) and (max-width: 980px) 980px, (min-width: 981px) 1024px, 100vw\" \/><\/figure>\n\n\n\n<p>GADETIN es una aplicaci\u00f3n desarrollada espec\u00edficamente para el control integral de una tintorer\u00eda para tener siempre controlado el control de prendas, los clientes, el l\u00edmite de prendas diaria, adem\u00e1s de emisi\u00f3n de facturas, resguardos y tickets.<\/p>\n\n\n\n<p><\/p>\n\n\n\n<div class=\"wp-block-buttons is-layout-flex wp-block-buttons-is-layout-flex\">\n<div class=\"wp-block-button has-custom-width wp-block-button__width-100 has-custom-font-size has-medium-font-size\"><a class=\"wp-block-button__link has-vivid-cyan-blue-background-color has-background wp-element-button\">PRUEBA GRATIS<\/a><\/div>\n<\/div>\n\n\n\n<div class=\"wp-block-columns is-layout-flex wp-container-core-columns-is-layout-9d6595d7 wp-block-columns-is-layout-flex\">\n<div class=\"wp-block-column is-layout-flow wp-block-column-is-layout-flow\">\n<figure class=\"wp-block-image size-large\"><img loading=\"lazy\" decoding=\"async\" width=\"1024\" height=\"529\" src=\"https:\/\/gadesoftware.com\/wp-content\/uploads\/2022\/12\/PANTALLA-GADETIN12-1024x529.png\" alt=\"\" class=\"wp-image-158\" srcset=\"https:\/\/gadesoftware.com\/wp-content\/uploads\/2022\/12\/PANTALLA-GADETIN12-980x507.png 980w, https:\/\/gadesoftware.com\/wp-content\/uploads\/2022\/12\/PANTALLA-GADETIN12-480x248.png 480w\" sizes=\"auto, (min-width: 0px) and (max-width: 480px) 480px, (min-width: 481px) and (max-width: 980px) 980px, (min-width: 981px) 1024px, 100vw\" \/><\/figure>\n<\/div>\n\n\n\n<div class=\"wp-block-column is-layout-flow wp-block-column-is-layout-flow\">\n<h1 class=\"has-black-color has-text-color wp-block-heading\">Control de toda actividad.<\/h1>\n\n\n\n<p>Con GADETIN podr\u00e1 tener todo el control de la tintorer\u00eda al alcance de su mano, con muy pocos pasos y adem\u00e1s, aumentar la productividad de su tintorer\u00eda.<\/p>\n\n\n\n<p>Podr\u00e1 controlar desde los tickets emitidos, la oferta de la prendas, las tarjetas de fidelizaci\u00f3n hasta todo el control de la caja.<\/p>\n<\/div>\n<\/div>\n\n\n\n<div class=\"wp-block-columns is-layout-flex wp-container-core-columns-is-layout-9d6595d7 wp-block-columns-is-layout-flex\">\n<div class=\"wp-block-column is-layout-flow wp-block-column-is-layout-flow\">\n<h1 class=\"has-black-color has-text-color wp-block-heading\">Otras funciones.<\/h1>\n\n\n\n<p>Maximizar la eficacia de la empresa es una tarea fundamental, por ello con GADETIN, incrementar\u00e1 la satisfacci\u00f3n y rentabilidad de esta, ya que nuestro sistema te ayuda a gestionar y administrar los clientes y tener un control absoluto sobre estos y sobre todo a fidelizarlos con nuestro sistema de envio de SMS cuando la prenda este lista.<\/p>\n\n\n\n<p>Por otra parte, podr\u00e1 organizar todos los tickets, tanto emitidos como recibidos, emitir facturas, tener un absoluto control de la caja y sobre todo poder realizar el cierre diario con todo tipo de detalles que posteriormente podr\u00e1 hacer un seguimiento de la evoluci\u00f3n de su negocio.<\/p>\n<\/div>\n\n\n\n<div class=\"wp-block-column is-layout-flow wp-block-column-is-layout-flow\">\n<figure class=\"wp-block-image size-large\"><img loading=\"lazy\" decoding=\"async\" width=\"1024\" height=\"545\" src=\"https:\/\/gadesoftware.com\/wp-content\/uploads\/2022\/12\/PANTALLA-GADETIN-1024x545.png\" alt=\"\" class=\"wp-image-159\" srcset=\"https:\/\/gadesoftware.com\/wp-content\/uploads\/2022\/12\/PANTALLA-GADETIN-980x522.png 980w, https:\/\/gadesoftware.com\/wp-content\/uploads\/2022\/12\/PANTALLA-GADETIN-480x255.png 480w\" sizes=\"auto, (min-width: 0px) and (max-width: 480px) 480px, (min-width: 481px) and (max-width: 980px) 980px, (min-width: 981px) 1024px, 100vw\" \/><\/figure>\n<\/div>\n<\/div>\n\n\n\n<div class=\"wp-block-columns is-layout-flex wp-container-core-columns-is-layout-9d6595d7 wp-block-columns-is-layout-flex\">\n<div class=\"wp-block-column is-layout-flow wp-block-column-is-layout-flow\"><\/div>\n\n\n\n<div class=\"wp-block-column is-layout-flow wp-block-column-is-layout-flow\">\n<figure class=\"wp-block-image size-large\"><img loading=\"lazy\" decoding=\"async\" width=\"1024\" height=\"531\" src=\"https:\/\/gadesoftware.com\/wp-content\/uploads\/2022\/12\/PANTALLA-GADETIN2-1024x531.png\" alt=\"\" class=\"wp-image-160\" srcset=\"https:\/\/gadesoftware.com\/wp-content\/uploads\/2022\/12\/PANTALLA-GADETIN2-980x509.png 980w, https:\/\/gadesoftware.com\/wp-content\/uploads\/2022\/12\/PANTALLA-GADETIN2-480x249.png 480w\" sizes=\"auto, (min-width: 0px) and (max-width: 480px) 480px, (min-width: 481px) and (max-width: 980px) 980px, (min-width: 981px) 1024px, 100vw\" \/><\/figure>\n<\/div>\n<\/div>\n\n\n\n<h1 class=\"has-black-color has-text-color wp-block-heading\">\u00bfQu\u00e9 se puede hacer?<\/h1>\n\n\n\n<figure class=\"wp-block-image size-full\"><img loading=\"lazy\" decoding=\"async\" width=\"1024\" height=\"768\" src=\"https:\/\/gadesoftware.com\/wp-content\/uploads\/2022\/12\/funciones-2.png\" alt=\"\" class=\"wp-image-163\" srcset=\"https:\/\/gadesoftware.com\/wp-content\/uploads\/2022\/12\/funciones-2.png 1024w, https:\/\/gadesoftware.com\/wp-content\/uploads\/2022\/12\/funciones-2-980x735.png 980w, https:\/\/gadesoftware.com\/wp-content\/uploads\/2022\/12\/funciones-2-480x360.png 480w\" sizes=\"auto, (min-width: 0px) and (max-width: 480px) 480px, (min-width: 481px) and (max-width: 980px) 980px, (min-width: 981px) 1024px, 100vw\" \/><figcaption class=\"wp-element-caption\">V\u00eddeos explicativos GADETIN<\/figcaption><\/figure>\n\n\n\n<div class=\"wp-block-columns is-layout-flex wp-container-core-columns-is-layout-9d6595d7 wp-block-columns-is-layout-flex\">\n<div class=\"wp-block-column is-layout-flow wp-block-column-is-layout-flow\">\n<div class=\"wp-block-buttons is-layout-flex wp-block-buttons-is-layout-flex\">\n<div class=\"wp-block-button has-custom-width wp-block-button__width-75 has-custom-font-size has-small-font-size\"><a class=\"wp-block-button__link wp-element-button\" href=\"https:\/\/www.youtube.com\/watch?v=Uza7HSzc9ZU\" target=\"_blank\" rel=\"noreferrer noopener\">GADETIN 7.0<\/a><\/div>\n<\/div>\n<\/div>\n\n\n\n<div class=\"wp-block-column is-layout-flow wp-block-column-is-layout-flow\">\n<div class=\"wp-block-buttons is-layout-flex wp-block-buttons-is-layout-flex\">\n<div class=\"wp-block-button has-custom-width wp-block-button__width-100 has-custom-font-size has-small-font-size\"><a class=\"wp-block-button__link has-vivid-cyan-blue-background-color has-background wp-element-button\" href=\"https:\/\/www.youtube.com\/watch?v=OpYumnJ7azk\" target=\"_blank\" rel=\"noreferrer noopener\">CONTROL DE COBROS<\/a><\/div>\n<\/div>\n<\/div>\n\n\n\n<div class=\"wp-block-column is-layout-flow wp-block-column-is-layout-flow\">\n<div class=\"wp-block-buttons is-layout-flex wp-block-buttons-is-layout-flex\">\n<div class=\"wp-block-button has-custom-font-size has-small-font-size\"><a class=\"wp-block-button__link has-pale-cyan-blue-background-color has-background wp-element-button\" href=\"https:\/\/www.youtube.com\/watch?v=-fZKULjjWJE&amp;list=PL4770D0A71C72EEEA&amp;index=2\" target=\"_blank\" rel=\"noreferrer noopener\">CONFIGURACIONES ESPECIALES<\/a><\/div>\n<\/div>\n<\/div>\n<\/div>\n\n\n<div class=\"frm_forms  with_frm_style frm_style_estilos-formidable\" id=\"frm_form_1_container\" >\n<form enctype=\"multipart\/form-data\" method=\"post\" class=\"frm-show-form \" id=\"form_contact-form\"  >\n<div class=\"frm_form_fields \">\n<fieldset>\n<legend class=\"frm_screen_reader\">Contact Us<\/legend>\n\n<div class=\"frm_fields_container\">\n<input type=\"hidden\" name=\"frm_action\" value=\"create\" \/>\n<input type=\"hidden\" name=\"form_id\" value=\"1\" \/>\n<input type=\"hidden\" name=\"frm_hide_fields_1\" id=\"frm_hide_fields_1\" value=\"\" \/>\n<input type=\"hidden\" name=\"form_key\" value=\"contact-form\" \/>\n<input type=\"hidden\" name=\"item_meta[0]\" value=\"\" \/>\n<input type=\"hidden\" id=\"frm_submit_entry_1\" name=\"frm_submit_entry_1\" value=\"6ef55a50cc\" \/><input type=\"hidden\" name=\"_wp_http_referer\" value=\"\/index.php?rest_route=%2Fwp%2Fv2%2Fpages%2F31\" \/><div id=\"frm_field_8_container\" class=\"frm_form_field form-field  frm_required_field frm_top_container\">\n    <label for=\"field_49r2s\" id=\"field_49r2s_label\" class=\"frm_primary_label\">Programas\n        <span class=\"frm_required\" aria-hidden=\"true\">*<\/span>\n    <\/label>\n    \t\t<select name=\"item_meta[8]\" id=\"field_49r2s\"  data-reqmsg=\"Este campo no puede estar en blanco.\" aria-required=\"true\" data-invmsg=\"Programas no es v\u00e1lido\" aria-invalid=\"false\"  >\n\t\t\t\t<option  value=\"GADEFAC\">\n\t\t\tGADEFAC\t\t<\/option>\n\t\t\t\t<option  value=\"GADECON\">\n\t\t\tGADECON\t\t<\/option>\n\t\t\t\t<option  value=\"GADETIN\">\n\t\t\tGADETIN\t\t<\/option>\n\t\t\t\t<option  value=\"GADE TPV\">\n\t\t\tGADE TPV\t\t<\/option>\n\t\t\t<\/select>\n\t\n    \n    \n<\/div>\n<div id=\"frm_field_1_container\" class=\"frm_form_field form-field  frm_required_field frm_top_container frm6 frm_first\">\n    <label for=\"field_qh4icy\" id=\"field_qh4icy_label\" class=\"frm_primary_label\">Nombre\n        <span class=\"frm_required\" aria-hidden=\"true\">*<\/span>\n    <\/label>\n    <input type=\"text\" id=\"field_qh4icy\" name=\"item_meta[1]\" value=\"\"  data-reqmsg=\"Este campo no puede estar en blanco.\" aria-required=\"true\" data-invmsg=\"Name no es v\u00e1lido\" aria-invalid=\"false\"   aria-describedby=\"frm_desc_field_qh4icy\"\/>\n    <div class=\"frm_description\" id=\"frm_desc_field_qh4icy\">First<\/div>\n    \n<\/div>\n<div id=\"frm_field_2_container\" class=\"frm_form_field form-field  frm_required_field frm_hidden_container frm6\">\n    <label for=\"field_ocfup1\" id=\"field_ocfup1_label\" class=\"frm_primary_label\">Apellidos\n        <span class=\"frm_required\" aria-hidden=\"true\">*<\/span>\n    <\/label>\n    <input type=\"text\" id=\"field_ocfup1\" name=\"item_meta[2]\" value=\"\"  data-reqmsg=\"Este campo no puede estar en blanco.\" aria-required=\"true\" data-invmsg=\"Last no es v\u00e1lido\" aria-invalid=\"false\"   aria-describedby=\"frm_desc_field_ocfup1\"\/>\n    <div class=\"frm_description\" id=\"frm_desc_field_ocfup1\">Last<\/div>\n    \n<\/div>\n<div id=\"frm_field_4_container\" class=\"frm_form_field form-field  frm_required_field frm_top_container frm12 frm_first\">\n    <label for=\"field_e6lis6\" id=\"field_e6lis6_label\" class=\"frm_primary_label\">Empresa\n        <span class=\"frm_required\" aria-hidden=\"true\">*<\/span>\n    <\/label>\n    <input type=\"text\" id=\"field_e6lis6\" name=\"item_meta[4]\" value=\"\"  data-reqmsg=\"Este campo no puede estar en blanco.\" aria-required=\"true\" data-invmsg=\"Subject no es v\u00e1lido\" aria-invalid=\"false\"  \/>\n    \n    \n<\/div>\n<div id=\"frm_field_3_container\" class=\"frm_form_field form-field  frm_required_field frm_top_container frm_full\">\n    <label for=\"field_29yf4d\" id=\"field_29yf4d_label\" class=\"frm_primary_label\">Email\n        <span class=\"frm_required\" aria-hidden=\"true\">*<\/span>\n    <\/label>\n    <input type=\"email\" id=\"field_29yf4d\" name=\"item_meta[3]\" value=\"\"  data-reqmsg=\"Este campo no puede estar en blanco.\" aria-required=\"true\" data-invmsg=\"Please enter a valid email address\" aria-invalid=\"false\"  \/>\n    \n    \n<\/div>\n<div id=\"frm_field_6_container\" class=\"frm_form_field form-field  frm_required_field frm_top_container\">\n    <label for=\"field_q2fyz\" id=\"field_q2fyz_label\" class=\"frm_primary_label\">Tel\u00e9fono\n        <span class=\"frm_required\" aria-hidden=\"true\">*<\/span>\n    <\/label>\n    <input type=\"tel\" id=\"field_q2fyz\" name=\"item_meta[6]\" value=\"\"  data-reqmsg=\"Este campo no puede estar en blanco.\" aria-required=\"true\" data-invmsg=\"Tel\u00e9fono no es v\u00e1lido\" aria-invalid=\"false\" pattern=\"((\\+\\d{1,3}(-|.| )?\\(?\\d\\)?(-| |.)?\\d{1,5})|(\\(?\\d{2,6}\\)?))(-|.| )?(\\d{3,4})(-|.| )?(\\d{4})(( x| ext)\\d{1,5}){0,1}$\"  \/>\n    \n    \n<\/div>\n<div id=\"frm_field_7_container\" class=\"frm_form_field form-field  frm_top_container\">\n    <label for=\"field_ozw9l\" id=\"field_ozw9l_label\" class=\"frm_primary_label\">Contrase\u00f1a\n        <span class=\"frm_required\" aria-hidden=\"true\"><\/span>\n    <\/label>\n    <input type=\"text\" id=\"field_ozw9l\" name=\"item_meta[7]\" value=\"\"  data-invmsg=\"Texto no es v\u00e1lido\" aria-invalid=\"false\"  \/>\n    \n    \n<\/div>\n\t<input type=\"hidden\" name=\"item_key\" value=\"\" \/>\n\t\t\t\t<div class=\"frm_verify\" aria-hidden=\"true\">\n\t\t\t\t<label for=\"frm_email_1\">\n\t\t\t\t\tSi eres humano, deja este campo en blanco.\t\t\t\t<\/label>\n\t\t\t\t<input type=\"text\" class=\"frm_verify\" id=\"frm_email_1\" name=\"frm_verify\" value=\"\"  \/>\n\t\t\t<\/div>\n\t\t<div class=\"frm_submit\">\n\n<button class=\"frm_button_submit\" type=\"submit\"  >Enviar<\/button>\n\n\n<\/div><\/div>\n<\/fieldset>\n<\/div>\n<\/form>\n<\/div>\n","protected":false},"excerpt":{"rendered":"<p>GADETIN es una aplicaci\u00f3n desarrollada espec\u00edficamente para el control integral de una tintorer\u00eda para tener siempre controlado el control de prendas, los clientes, el l\u00edmite de prendas diaria, adem\u00e1s de emisi\u00f3n de facturas, resguardos y tickets. Control de toda actividad. Con GADETIN podr\u00e1 tener todo el control de la tintorer\u00eda al alcance de su mano, [&hellip;]<\/p>\n","protected":false},"author":1,"featured_media":0,"parent":0,"menu_order":0,"comment_status":"closed","ping_status":"closed","template":"","meta":{"_et_pb_use_builder":"","_et_pb_old_content":"","_et_gb_content_width":"","footnotes":""},"class_list":["post-31","page","type-page","status-publish","hentry"],"_links":{"self":[{"href":"http:\/\/gadesoftware.com\/index.php?rest_route=\/wp\/v2\/pages\/31","targetHints":{"allow":["GET"]}}],"collection":[{"href":"http:\/\/gadesoftware.com\/index.php?rest_route=\/wp\/v2\/pages"}],"about":[{"href":"http:\/\/gadesoftware.com\/index.php?rest_route=\/wp\/v2\/types\/page"}],"author":[{"embeddable":true,"href":"http:\/\/gadesoftware.com\/index.php?rest_route=\/wp\/v2\/users\/1"}],"replies":[{"embeddable":true,"href":"http:\/\/gadesoftware.com\/index.php?rest_route=%2Fwp%2Fv2%2Fcomments&post=31"}],"version-history":[{"count":8,"href":"http:\/\/gadesoftware.com\/index.php?rest_route=\/wp\/v2\/pages\/31\/revisions"}],"predecessor-version":[{"id":166,"href":"http:\/\/gadesoftware.com\/index.php?rest_route=\/wp\/v2\/pages\/31\/revisions\/166"}],"wp:attachment":[{"href":"http:\/\/gadesoftware.com\/index.php?rest_route=%2Fwp%2Fv2%2Fmedia&parent=31"}],"curies":[{"name":"wp","href":"https:\/\/api.w.org\/{rel}","templated":true}]}}