{"id":2,"date":"2022-12-20T10:21:38","date_gmt":"2022-12-20T10:21:38","guid":{"rendered":"http:\/\/gadesoftware.com\/?page_id=2"},"modified":"2023-01-04T08:43:34","modified_gmt":"2023-01-04T08:43:34","slug":"gadefac","status":"publish","type":"page","link":"http:\/\/gadesoftware.com\/?page_id=2","title":{"rendered":"GADEFAC"},"content":{"rendered":"\n<p><\/p>\n\n\n\n<figure class=\"wp-block-image size-large\"><img loading=\"lazy\" decoding=\"async\" width=\"1024\" height=\"224\" src=\"https:\/\/gadesoftware.com\/wp-content\/uploads\/2022\/12\/TITULO-3--1024x224.png\" alt=\"\" class=\"wp-image-14\" srcset=\"https:\/\/gadesoftware.com\/wp-content\/uploads\/2022\/12\/TITULO-3--980x214.png 980w, https:\/\/gadesoftware.com\/wp-content\/uploads\/2022\/12\/TITULO-3--480x105.png 480w\" sizes=\"auto, (min-width: 0px) and (max-width: 480px) 480px, (min-width: 481px) and (max-width: 980px) 980px, (min-width: 981px) 1024px, 100vw\" \/><\/figure>\n\n\n\n<figure class=\"wp-block-image size-full\"><img loading=\"lazy\" decoding=\"async\" width=\"1022\" height=\"419\" src=\"https:\/\/gadesoftware.com\/wp-content\/uploads\/2022\/12\/gadefac.png\" alt=\"\" class=\"wp-image-15\" srcset=\"https:\/\/gadesoftware.com\/wp-content\/uploads\/2022\/12\/gadefac.png 1022w, https:\/\/gadesoftware.com\/wp-content\/uploads\/2022\/12\/gadefac-980x402.png 980w, https:\/\/gadesoftware.com\/wp-content\/uploads\/2022\/12\/gadefac-480x197.png 480w\" sizes=\"auto, (min-width: 0px) and (max-width: 480px) 480px, (min-width: 481px) and (max-width: 980px) 980px, (min-width: 981px) 1022px, 100vw\" \/><\/figure>\n\n\n\n<p style=\"font-size:16px\">Un software de facturaci\u00f3n online para aut\u00f3nomos y pymes es una ayuda indispensable para muchas empresas, esta clase de software especializado te permitir\u00e1 gestionar la facturaci\u00f3n de una compa\u00f1\u00eda de una forma simple, intuitiva y muchas veces autom\u00e1tica. Es una herramienta pr\u00e1ctica y de este modo vas a poder tener toda la informaci\u00f3n de tu empresa siempre y en toda circunstancia localizable, incluyendo tanto facturas y otros documentos financieros.<\/p>\n\n\n\n<div class=\"wp-block-columns is-layout-flex wp-container-core-columns-is-layout-9d6595d7 wp-block-columns-is-layout-flex\">\n<div class=\"wp-block-column is-layout-flow wp-block-column-is-layout-flow\">\n<div class=\"wp-block-buttons is-layout-flex wp-block-buttons-is-layout-flex\">\n<div class=\"wp-block-button has-custom-width wp-block-button__width-100\"><a class=\"wp-block-button__link has-vivid-cyan-blue-background-color has-background wp-element-button\" href=\"https:\/\/gadesoftware.com\/?page_id=77\">PRUEBA GRATIS<\/a><\/div>\n<\/div>\n<\/div>\n<\/div>\n\n\n\n<div class=\"wp-block-columns is-layout-flex wp-container-core-columns-is-layout-9d6595d7 wp-block-columns-is-layout-flex\">\n<div class=\"wp-block-column is-layout-flow wp-block-column-is-layout-flow\">\n<figure class=\"wp-block-image size-large\"><img loading=\"lazy\" decoding=\"async\" width=\"1024\" height=\"546\" src=\"https:\/\/gadesoftware.com\/wp-content\/uploads\/2022\/12\/pantalla-facturacion-1024x546.jpg\" alt=\"\" class=\"wp-image-168\" srcset=\"https:\/\/gadesoftware.com\/wp-content\/uploads\/2022\/12\/pantalla-facturacion-980x523.jpg 980w, https:\/\/gadesoftware.com\/wp-content\/uploads\/2022\/12\/pantalla-facturacion-480x256.jpg 480w\" sizes=\"auto, (min-width: 0px) and (max-width: 480px) 480px, (min-width: 481px) and (max-width: 980px) 980px, (min-width: 981px) 1024px, 100vw\" \/><\/figure>\n<\/div>\n\n\n\n<div class=\"wp-block-column is-layout-flow wp-block-column-is-layout-flow\">\n<h1 class=\"has-black-color has-text-color wp-block-heading\">Facturaci\u00f3n y control de stock.<\/h1>\n\n\n\n<p>La aplicaci\u00f3n es un ERP completo con CRM y la funci\u00f3n principal del programa de facturaci\u00f3n es gestionar la facturaci\u00f3n de tu empresa, adem\u00e1s, se adapta f\u00e1cilmente a las necesidades de los usuarios y ofrece la informaci\u00f3n a modo visual y f\u00e1cil de detectar.<\/p>\n\n\n\n<p>Es un software de facturaci\u00f3n muy completo y abarca todo tipo de gestiones como: compras, ventas, gesti\u00f3n de almac\u00e9n, pagos, etc.<\/p>\n<\/div>\n<\/div>\n\n\n\n<div class=\"wp-block-columns is-layout-flex wp-container-core-columns-is-layout-9d6595d7 wp-block-columns-is-layout-flex\">\n<div class=\"wp-block-column is-layout-flow wp-block-column-is-layout-flow\">\n<h1 class=\"has-black-color has-text-color wp-block-heading\">Crea facturas electr\u00f3nicas de forma r\u00e1pida y eficiente.<\/h1>\n\n\n\n<p>Gracias a GADEFAC podr\u00e1s hacer de forma f\u00e1cil y r\u00e1pida tus facturas con unos sencillos pasos.<\/p>\n\n\n\n<p>La facturaci\u00f3n r\u00e1pida y eficiente reduce enormemente el margen de error en comparaci\u00f3n con el procesamiento manual de facturas desde cero, adem\u00e1s, gracias a la creaci\u00f3n  de facturas en formato online eliminamos la gran carga que supone tener documentos en papel. As\u00ed teniendo toda la documentaci\u00f3n en la nube y acceder de forma remota siempre que queramos. Un buen aliciente es que a d\u00eda de hoy para la mayor\u00eda de clientes pagar facturas online es la opci\u00f3n ideal para muchos clientes en la actualidad.<\/p>\n<\/div>\n\n\n\n<div class=\"wp-block-column is-layout-flow wp-block-column-is-layout-flow\">\n<figure class=\"wp-block-image size-large is-resized\"><img loading=\"lazy\" decoding=\"async\" src=\"https:\/\/gadesoftware.com\/wp-content\/uploads\/2022\/12\/repeticion-facturas-1024x549.jpg\" alt=\"\" class=\"wp-image-171\" width=\"412\" height=\"220\"\/><\/figure>\n<\/div>\n<\/div>\n\n\n\n<div class=\"wp-block-columns is-layout-flex wp-container-core-columns-is-layout-9d6595d7 wp-block-columns-is-layout-flex\">\n<div class=\"wp-block-column is-layout-flow wp-block-column-is-layout-flow\">\n<figure class=\"wp-block-image size-large\"><img loading=\"lazy\" decoding=\"async\" width=\"1024\" height=\"546\" src=\"https:\/\/gadesoftware.com\/wp-content\/uploads\/2022\/12\/compras-1024x546.jpg\" alt=\"\" class=\"wp-image-172\" srcset=\"https:\/\/gadesoftware.com\/wp-content\/uploads\/2022\/12\/compras-980x523.jpg 980w, https:\/\/gadesoftware.com\/wp-content\/uploads\/2022\/12\/compras-480x256.jpg 480w\" sizes=\"auto, (min-width: 0px) and (max-width: 480px) 480px, (min-width: 481px) and (max-width: 980px) 980px, (min-width: 981px) 1024px, 100vw\" \/><\/figure>\n<\/div>\n\n\n\n<div class=\"wp-block-column is-layout-flow wp-block-column-is-layout-flow\">\n<h1 class=\"has-black-color has-text-color wp-block-heading\">Con informaci\u00f3n en cualquier momento y lugar.<\/h1>\n\n\n\n<p>Podr\u00e1s acceder al programa desde el lugar que quieras tan solo teniendo conexi\u00f3n a internet ya que al ser un programa online podr\u00e1s acceder y llev\u00e1rtelo donde prefieras. <\/p>\n<\/div>\n<\/div>\n\n\n\n<div class=\"wp-block-columns is-layout-flex wp-container-core-columns-is-layout-9d6595d7 wp-block-columns-is-layout-flex\">\n<div class=\"wp-block-column is-layout-flow wp-block-column-is-layout-flow\">\n<h1 class=\"has-black-color has-text-color wp-block-heading\">Programa automatizado.<\/h1>\n\n\n\n<p class=\"has-black-color has-text-color\">Ya no tendr\u00e1s que preocuparte por hacer pasos interminables ya que como la facturaci\u00f3n est\u00e1 automatizada, es f\u00e1cil revisar cada paso del proceso y asegurarse de que toda la informaci\u00f3n necesaria est\u00e9 guardada y sea correcta. Esto no solo ahorra tiempo, sino que tambi\u00e9n simplifica la atenci\u00f3n al cliente.<\/p>\n<\/div>\n\n\n\n<div class=\"wp-block-column is-layout-flow wp-block-column-is-layout-flow\">\n<figure class=\"wp-block-image size-large\"><img loading=\"lazy\" decoding=\"async\" width=\"1024\" height=\"549\" src=\"https:\/\/gadesoftware.com\/wp-content\/uploads\/2022\/12\/gestion-movimientos-almacen-1024x549.jpg\" alt=\"\" class=\"wp-image-173\" srcset=\"https:\/\/gadesoftware.com\/wp-content\/uploads\/2022\/12\/gestion-movimientos-almacen-980x525.jpg 980w, https:\/\/gadesoftware.com\/wp-content\/uploads\/2022\/12\/gestion-movimientos-almacen-480x257.jpg 480w\" sizes=\"auto, (min-width: 0px) and (max-width: 480px) 480px, (min-width: 481px) and (max-width: 980px) 980px, (min-width: 981px) 1024px, 100vw\" \/><\/figure>\n<\/div>\n<\/div>\n\n\n\n<div class=\"wp-block-columns is-layout-flex wp-container-core-columns-is-layout-9d6595d7 wp-block-columns-is-layout-flex\">\n<div class=\"wp-block-column is-layout-flow wp-block-column-is-layout-flow\">\n<figure class=\"wp-block-image size-large\"><img loading=\"lazy\" decoding=\"async\" width=\"1024\" height=\"546\" src=\"https:\/\/gadesoftware.com\/wp-content\/uploads\/2022\/12\/estadisticas-1024x546.jpg\" alt=\"\" class=\"wp-image-174\" srcset=\"https:\/\/gadesoftware.com\/wp-content\/uploads\/2022\/12\/estadisticas-980x522.jpg 980w, https:\/\/gadesoftware.com\/wp-content\/uploads\/2022\/12\/estadisticas-480x256.jpg 480w\" sizes=\"auto, (min-width: 0px) and (max-width: 480px) 480px, (min-width: 481px) and (max-width: 980px) 980px, (min-width: 981px) 1024px, 100vw\" \/><\/figure>\n<\/div>\n\n\n\n<div class=\"wp-block-column is-layout-flow wp-block-column-is-layout-flow\">\n<h1 class=\"has-black-color has-text-color wp-block-heading\">Ventas.<\/h1>\n\n\n\n<p>Una de las grandes ventajas de GADEFAC es su gran control sobre las ventas, gracias a todas sus opciones y obtenci\u00f3n de informes. Podr\u00e1 obtener un control absoluto sobre ello y podr\u00e1 generar cada informe con la informaci\u00f3n que necesite saber desde dividir informes por meses o incluso por clientes.<\/p>\n\n\n\n<p>Adem\u00e1s, podr\u00e1 descargar sus informes en el formato que m\u00e1s precise, PDF O XLS.<\/p>\n<\/div>\n<\/div>\n\n\n\n<div class=\"wp-block-columns is-layout-flex wp-container-core-columns-is-layout-9d6595d7 wp-block-columns-is-layout-flex\">\n<div class=\"wp-block-column is-layout-flow wp-block-column-is-layout-flow\">\n<div class=\"wp-block-columns is-layout-flex wp-container-core-columns-is-layout-9d6595d7 wp-block-columns-is-layout-flex\">\n<div class=\"wp-block-column is-layout-flow wp-block-column-is-layout-flow\">\n<h1 class=\"has-black-color has-text-color wp-block-heading\">Creaci\u00f3n de facturas.<\/h1>\n\n\n\n<p>Con GADEFAC  tendr\u00e1 el control desde el minuto uno. Con la automatizaci\u00f3n, no tendr\u00e1 que hacer mucho esfuerzo al crearlas ya que con los clientes  ya guardados solo tendr\u00e1 que introducir sus datos, a\u00f1adir los datos que desea y autom\u00e1ticamente se crear\u00e1 la factura as\u00ed de f\u00e1cil y r\u00e1pido.<\/p>\n\n\n\n<p><\/p>\n<\/div>\n\n\n\n<div class=\"wp-block-column is-layout-flow wp-block-column-is-layout-flow\">\n<figure class=\"wp-block-image size-large\"><img loading=\"lazy\" decoding=\"async\" width=\"1024\" height=\"543\" src=\"https:\/\/gadesoftware.com\/wp-content\/uploads\/2022\/12\/fCTURA-1024x543.jpg\" alt=\"\" class=\"wp-image-175\" srcset=\"https:\/\/gadesoftware.com\/wp-content\/uploads\/2022\/12\/fCTURA-980x520.jpg 980w, https:\/\/gadesoftware.com\/wp-content\/uploads\/2022\/12\/fCTURA-480x255.jpg 480w\" sizes=\"auto, (min-width: 0px) and (max-width: 480px) 480px, (min-width: 481px) and (max-width: 980px) 980px, (min-width: 981px) 1024px, 100vw\" \/><\/figure>\n<\/div>\n<\/div>\n<\/div>\n<\/div>\n\n\n\n<div class=\"wp-block-buttons is-layout-flex wp-block-buttons-is-layout-flex\">\n<div class=\"wp-block-button has-custom-width wp-block-button__width-100 has-custom-font-size has-medium-font-size\"><a class=\"wp-block-button__link has-vivid-cyan-blue-background-color has-background wp-element-button\" href=\"https:\/\/gadesoftware.com\/?page_id=77\" target=\"_blank\" rel=\"noreferrer noopener\">PRUEBA GRATIS<\/a><\/div>\n<\/div>\n\n\n\n<h2 class=\"has-black-color has-text-color has-large-font-size wp-block-heading\">V\u00cdDEOS EXPLICATIVOS DE GADEFAC.<\/h2>\n\n\n\n<div class=\"wp-block-columns is-layout-flex wp-container-core-columns-is-layout-9d6595d7 wp-block-columns-is-layout-flex\">\n<div class=\"wp-block-column is-layout-flow wp-block-column-is-layout-flow\">\n<div class=\"wp-block-buttons is-layout-flex wp-block-buttons-is-layout-flex\">\n<div class=\"wp-block-button has-custom-width wp-block-button__width-100 has-custom-font-size has-medium-font-size\"><a class=\"wp-block-button__link has-vivid-cyan-blue-background-color has-background wp-element-button\" href=\"https:\/\/www.youtube.com\/watch?v=RFIn_75_x74\" target=\"_blank\" rel=\"noreferrer noopener\">Como generar un documento de venta<\/a><\/div>\n<\/div>\n<\/div>\n\n\n\n<div class=\"wp-block-column is-layout-flow wp-block-column-is-layout-flow\">\n<div class=\"wp-block-buttons is-layout-flex wp-block-buttons-is-layout-flex\">\n<div class=\"wp-block-button has-custom-font-size has-medium-font-size\"><a class=\"wp-block-button__link has-pale-cyan-blue-background-color has-background wp-element-button\" href=\"https:\/\/www.youtube.com\/watch?v=CM3OyWSa2pM\" target=\"_blank\" rel=\"noreferrer noopener\">Ficheros y configuraci\u00f3n<\/a><\/div>\n<\/div>\n<\/div>\n\n\n\n<div class=\"wp-block-column is-layout-flow wp-block-column-is-layout-flow\">\n<div class=\"wp-block-buttons is-layout-flex wp-block-buttons-is-layout-flex\">\n<div class=\"wp-block-button has-custom-width wp-block-button__width-75 has-custom-font-size has-medium-font-size\"><a class=\"wp-block-button__link wp-element-button\" href=\"https:\/\/www.youtube.com\/watch?v=uUhPoHWTFq8\" target=\"_blank\" rel=\"noreferrer noopener\">Dise\u00f1ador de informes<\/a><\/div>\n<\/div>\n<\/div>\n<\/div>\n\n\n\n<div class=\"wp-block-buttons is-layout-flex wp-block-buttons-is-layout-flex\"><\/div>\n\n\n\n<h1 class=\"has-large-font-size wp-block-heading\">FORMULARIO DE CONTACTO<\/h1>\n\n\n<div class=\"frm_forms  with_frm_style frm_style_estilos-formidable\" id=\"frm_form_1_container\" >\n<form enctype=\"multipart\/form-data\" method=\"post\" class=\"frm-show-form \" id=\"form_contact-form\"  >\n<div class=\"frm_form_fields \">\n<fieldset>\n<legend class=\"frm_screen_reader\">Contact Us<\/legend>\n\n<div class=\"frm_fields_container\">\n<input type=\"hidden\" name=\"frm_action\" value=\"create\" \/>\n<input type=\"hidden\" name=\"form_id\" value=\"1\" \/>\n<input type=\"hidden\" name=\"frm_hide_fields_1\" id=\"frm_hide_fields_1\" value=\"\" \/>\n<input type=\"hidden\" name=\"form_key\" value=\"contact-form\" \/>\n<input type=\"hidden\" name=\"item_meta[0]\" value=\"\" \/>\n<input type=\"hidden\" id=\"frm_submit_entry_1\" name=\"frm_submit_entry_1\" value=\"fb62bb47f1\" \/><input type=\"hidden\" name=\"_wp_http_referer\" value=\"\/index.php?rest_route=%2Fwp%2Fv2%2Fpages%2F2\" \/><div id=\"frm_field_8_container\" class=\"frm_form_field form-field  frm_required_field frm_top_container\">\n    <label for=\"field_49r2s\" id=\"field_49r2s_label\" class=\"frm_primary_label\">Programas\n        <span class=\"frm_required\" aria-hidden=\"true\">*<\/span>\n    <\/label>\n    \t\t<select name=\"item_meta[8]\" id=\"field_49r2s\"  data-reqmsg=\"Este campo no puede estar en blanco.\" aria-required=\"true\" data-invmsg=\"Programas no es v\u00e1lido\" aria-invalid=\"false\"  >\n\t\t\t\t<option  value=\"GADEFAC\">\n\t\t\tGADEFAC\t\t<\/option>\n\t\t\t\t<option  value=\"GADECON\">\n\t\t\tGADECON\t\t<\/option>\n\t\t\t\t<option  value=\"GADETIN\">\n\t\t\tGADETIN\t\t<\/option>\n\t\t\t\t<option  value=\"GADE TPV\">\n\t\t\tGADE TPV\t\t<\/option>\n\t\t\t<\/select>\n\t\n    \n    \n<\/div>\n<div id=\"frm_field_1_container\" class=\"frm_form_field form-field  frm_required_field frm_top_container frm6 frm_first\">\n    <label for=\"field_qh4icy\" id=\"field_qh4icy_label\" class=\"frm_primary_label\">Nombre\n        <span class=\"frm_required\" aria-hidden=\"true\">*<\/span>\n    <\/label>\n    <input type=\"text\" id=\"field_qh4icy\" name=\"item_meta[1]\" value=\"\"  data-reqmsg=\"Este campo no puede estar en blanco.\" aria-required=\"true\" data-invmsg=\"Name no es v\u00e1lido\" aria-invalid=\"false\"   aria-describedby=\"frm_desc_field_qh4icy\"\/>\n    <div class=\"frm_description\" id=\"frm_desc_field_qh4icy\">First<\/div>\n    \n<\/div>\n<div id=\"frm_field_2_container\" class=\"frm_form_field form-field  frm_required_field frm_hidden_container frm6\">\n    <label for=\"field_ocfup1\" id=\"field_ocfup1_label\" class=\"frm_primary_label\">Apellidos\n        <span class=\"frm_required\" aria-hidden=\"true\">*<\/span>\n    <\/label>\n    <input type=\"text\" id=\"field_ocfup1\" name=\"item_meta[2]\" value=\"\"  data-reqmsg=\"Este campo no puede estar en blanco.\" aria-required=\"true\" data-invmsg=\"Last no es v\u00e1lido\" aria-invalid=\"false\"   aria-describedby=\"frm_desc_field_ocfup1\"\/>\n    <div class=\"frm_description\" id=\"frm_desc_field_ocfup1\">Last<\/div>\n    \n<\/div>\n<div id=\"frm_field_4_container\" class=\"frm_form_field form-field  frm_required_field frm_top_container frm12 frm_first\">\n    <label for=\"field_e6lis6\" id=\"field_e6lis6_label\" class=\"frm_primary_label\">Empresa\n        <span class=\"frm_required\" aria-hidden=\"true\">*<\/span>\n    <\/label>\n    <input type=\"text\" id=\"field_e6lis6\" name=\"item_meta[4]\" value=\"\"  data-reqmsg=\"Este campo no puede estar en blanco.\" aria-required=\"true\" data-invmsg=\"Subject no es v\u00e1lido\" aria-invalid=\"false\"  \/>\n    \n    \n<\/div>\n<div id=\"frm_field_3_container\" class=\"frm_form_field form-field  frm_required_field frm_top_container frm_full\">\n    <label for=\"field_29yf4d\" id=\"field_29yf4d_label\" class=\"frm_primary_label\">Email\n        <span class=\"frm_required\" aria-hidden=\"true\">*<\/span>\n    <\/label>\n    <input type=\"email\" id=\"field_29yf4d\" name=\"item_meta[3]\" value=\"\"  data-reqmsg=\"Este campo no puede estar en blanco.\" aria-required=\"true\" data-invmsg=\"Please enter a valid email address\" aria-invalid=\"false\"  \/>\n    \n    \n<\/div>\n<div id=\"frm_field_6_container\" class=\"frm_form_field form-field  frm_required_field frm_top_container\">\n    <label for=\"field_q2fyz\" id=\"field_q2fyz_label\" class=\"frm_primary_label\">Tel\u00e9fono\n        <span class=\"frm_required\" aria-hidden=\"true\">*<\/span>\n    <\/label>\n    <input type=\"tel\" id=\"field_q2fyz\" name=\"item_meta[6]\" value=\"\"  data-reqmsg=\"Este campo no puede estar en blanco.\" aria-required=\"true\" data-invmsg=\"Tel\u00e9fono no es v\u00e1lido\" aria-invalid=\"false\" pattern=\"((\\+\\d{1,3}(-|.| )?\\(?\\d\\)?(-| |.)?\\d{1,5})|(\\(?\\d{2,6}\\)?))(-|.| )?(\\d{3,4})(-|.| )?(\\d{4})(( x| ext)\\d{1,5}){0,1}$\"  \/>\n    \n    \n<\/div>\n<div id=\"frm_field_7_container\" class=\"frm_form_field form-field  frm_top_container\">\n    <label for=\"field_ozw9l\" id=\"field_ozw9l_label\" class=\"frm_primary_label\">Contrase\u00f1a\n        <span class=\"frm_required\" aria-hidden=\"true\"><\/span>\n    <\/label>\n    <input type=\"text\" id=\"field_ozw9l\" name=\"item_meta[7]\" value=\"\"  data-invmsg=\"Texto no es v\u00e1lido\" aria-invalid=\"false\"  \/>\n    \n    \n<\/div>\n\t<input type=\"hidden\" name=\"item_key\" value=\"\" \/>\n\t\t\t\t<div class=\"frm_verify\" aria-hidden=\"true\">\n\t\t\t\t<label for=\"frm_email_1\">\n\t\t\t\t\tSi eres humano, deja este campo en blanco.\t\t\t\t<\/label>\n\t\t\t\t<input type=\"text\" class=\"frm_verify\" id=\"frm_email_1\" name=\"frm_verify\" value=\"\"  \/>\n\t\t\t<\/div>\n\t\t<div class=\"frm_submit\">\n\n<button class=\"frm_button_submit\" type=\"submit\"  >Enviar<\/button>\n\n\n<\/div><\/div>\n<\/fieldset>\n<\/div>\n<\/form>\n<\/div>\n","protected":false},"excerpt":{"rendered":"<p>Un software de facturaci\u00f3n online para aut\u00f3nomos y pymes es una ayuda indispensable para muchas empresas, esta clase de software especializado te permitir\u00e1 gestionar la facturaci\u00f3n de una compa\u00f1\u00eda de una forma simple, intuitiva y muchas veces autom\u00e1tica. Es una herramienta pr\u00e1ctica y de este modo vas a poder tener toda la informaci\u00f3n de tu [&hellip;]<\/p>\n","protected":false},"author":1,"featured_media":0,"parent":0,"menu_order":0,"comment_status":"closed","ping_status":"closed","template":"","meta":{"_et_pb_use_builder":"","_et_pb_old_content":"","_et_gb_content_width":"","footnotes":""},"class_list":["post-2","page","type-page","status-publish","hentry"],"_links":{"self":[{"href":"http:\/\/gadesoftware.com\/index.php?rest_route=\/wp\/v2\/pages\/2","targetHints":{"allow":["GET"]}}],"collection":[{"href":"http:\/\/gadesoftware.com\/index.php?rest_route=\/wp\/v2\/pages"}],"about":[{"href":"http:\/\/gadesoftware.com\/index.php?rest_route=\/wp\/v2\/types\/page"}],"author":[{"embeddable":true,"href":"http:\/\/gadesoftware.com\/index.php?rest_route=\/wp\/v2\/users\/1"}],"replies":[{"embeddable":true,"href":"http:\/\/gadesoftware.com\/index.php?rest_route=%2Fwp%2Fv2%2Fcomments&post=2"}],"version-history":[{"count":22,"href":"http:\/\/gadesoftware.com\/index.php?rest_route=\/wp\/v2\/pages\/2\/revisions"}],"predecessor-version":[{"id":195,"href":"http:\/\/gadesoftware.com\/index.php?rest_route=\/wp\/v2\/pages\/2\/revisions\/195"}],"wp:attachment":[{"href":"http:\/\/gadesoftware.com\/index.php?rest_route=%2Fwp%2Fv2%2Fmedia&parent=2"}],"curies":[{"name":"wp","href":"https:\/\/api.w.org\/{rel}","templated":true}]}}